{"id":126,"date":"2020-05-29T13:27:27","date_gmt":"2020-05-29T04:27:27","guid":{"rendered":"https:\/\/xn--w8jzta8684b0ksolnpyf36fzwa.jp\/?page_id=126"},"modified":"2020-06-08T16:14:19","modified_gmt":"2020-06-08T07:14:19","slug":"%e3%81%8a%e5%95%8f%e3%81%84%e5%90%88%e3%82%8f%e3%81%9b","status":"publish","type":"page","link":"https:\/\/xn--w8jzta8684b0ksolnpyf36fzwa.jp\/?page_id=126","title":{"rendered":"\u304a\u554f\u3044\u5408\u308f\u305b"},"content":{"rendered":"<p>\u30a4\u30f3\u30bf\u30fc\u30cd\u30c3\u30c8\uff08\u30e1\u30fc\u30eb\uff09\u304b\u3089\u3044\u305f\u3060\u3044\u305f\u304a\u554f\u3044\u5408\u308f\u305b\u306e\u5185\u5bb9\u306b\u3088\u3063\u3066\u306f\u3001\u304a\u8fd4\u4e8b\u306b\u304a\u6642\u9593\u3092\u3044\u305f\u3060\u304f\u5834\u5408\u304c\u3054\u3056\u3044\u307e\u3059\u3002\u3042\u3089\u304b\u3058\u3081\u3054\u4e86\u627f\u304f\u3060\u3055\u3044\u307e\u3059\u3088\u3046\u304a\u9858\u3044\u3044\u305f\u3057\u307e\u3059\u3002<\/p>\n<p><center><div role=\"form\" class=\"wpcf7\" id=\"wpcf7-f125-o1\" lang=\"ja\" dir=\"ltr\">\n<div class=\"screen-reader-response\"><p role=\"status\" aria-live=\"polite\" aria-atomic=\"true\"><\/p> <ul><\/ul><\/div>\n<form action=\"\/index.php?rest_route=%2Fwp%2Fv2%2Fpages%2F126#wpcf7-f125-o1\" method=\"post\" class=\"wpcf7-form init\" novalidate=\"novalidate\" data-status=\"init\">\n<div style=\"display: none;\">\n<input type=\"hidden\" name=\"_wpcf7\" value=\"125\" \/>\n<input type=\"hidden\" name=\"_wpcf7_version\" value=\"5.6\" \/>\n<input type=\"hidden\" name=\"_wpcf7_locale\" value=\"ja\" \/>\n<input type=\"hidden\" name=\"_wpcf7_unit_tag\" value=\"wpcf7-f125-o1\" \/>\n<input type=\"hidden\" name=\"_wpcf7_container_post\" value=\"0\" \/>\n<input type=\"hidden\" name=\"_wpcf7_posted_data_hash\" value=\"\" \/>\n<\/div>\n<table class=\"table table-bordered table-striped table-contactform7\">\n<tr>\n<th><span class=\"required-contactform7\">\u5fc5\u9808<\/span><span class=\"title-contactform7\">\u304a\u540d\u524d<\/span><\/th>\n<td><span class=\"wpcf7-form-control-wrap\" data-name=\"your-name\"><input type=\"text\" name=\"your-name\" value=\"\" size=\"40\" class=\"wpcf7-form-control wpcf7-text wpcf7-validates-as-required\" aria-required=\"true\" aria-invalid=\"false\" placeholder=\"\u4f8b\uff1a\u5c71\u7530\u3000\u592a\u90ce\" \/><\/span> <\/td>\n<\/tr>\n<tr>\n<th><span class=\"required-contactform7\">\u5fc5\u9808<\/span><span class=\"title-contactform7\">\u30e1\u30fc\u30eb\u30a2\u30c9\u30ec\u30b9<\/span><\/th>\n<td><span class=\"wpcf7-form-control-wrap\" data-name=\"your-email\"><input type=\"email\" name=\"your-email\" value=\"\" size=\"40\" class=\"wpcf7-form-control wpcf7-text wpcf7-email wpcf7-validates-as-required wpcf7-validates-as-email\" aria-required=\"true\" aria-invalid=\"false\" placeholder=\"\u4f8b\uff1a\u00d7\u00d7\u00d7@\u00d7\u00d7\u00d7.com\" \/><\/span><\/td>\n<\/tr>\n<tr>\n<th><span class=\"required-contactform7\">\u5fc5\u9808<\/span><span class=\"title-contactform7\">\u90f5\u4fbf\u756a\u53f7<\/span><\/th>\n<td><span class=\"wpcf7-form-control-wrap\" data-name=\"zip\"><input type=\"text\" name=\"zip\" value=\"\" size=\"40\" class=\"wpcf7-form-control wpcf7-text wpcf7-validates-as-required\" id=\"zip\" aria-required=\"true\" aria-invalid=\"false\" placeholder=\"\u4f8b\uff1a231-0013\" \/><\/span> <\/td>\n<\/tr>\n<tr>\n<th><span class=\"required-contactform7\">\u5fc5\u9808<\/span><span class=\"title-contactform7\">\u90fd\u9053\u5e9c\u770c<\/span><\/th>\n<td><span class=\"wpcf7-form-control-wrap\" data-name=\"pref\"><input type=\"text\" name=\"pref\" value=\"\" size=\"40\" class=\"wpcf7-form-control wpcf7-text wpcf7-validates-as-required\" id=\"pref\" aria-required=\"true\" aria-invalid=\"false\" placeholder=\"\u4f8b\uff1a\u795e\u5948\u5ddd\u770c\" \/><\/span><\/td>\n<\/tr>\n<tr>\n<th><span class=\"required-contactform7\">\u5fc5\u9808<\/span><span class=\"title-contactform7\">\u3054\u4f4f\u6240<\/span><\/th>\n<td class=\"address-100\"><span class=\"wpcf7-form-control-wrap\" data-name=\"addr\"><input type=\"text\" name=\"addr\" value=\"\" size=\"40\" class=\"wpcf7-form-control wpcf7-text wpcf7-validates-as-required\" id=\"addr\" aria-required=\"true\" aria-invalid=\"false\" placeholder=\"\u4f8b\uff1a\u6a2a\u6d5c\u5e02\u4e2d\u533a\u4f4f\u5409\u753a6\u4e01\u76ee72\u756a\u3000\u30b7\u30e3\u30f3\u30ed\u30fc\u30bc\u95a2\u5185702\u53f7\u5ba4\" \/><\/span><\/td>\n<\/tr>\n<tr>\n<th><span class=\"required-contactform7\">\u5fc5\u9808<\/span><span class=\"title-contactform7\">\u304a\u96fb\u8a71\u756a\u53f7<\/span><\/th>\n<td><span class=\"wpcf7-form-control-wrap\" data-name=\"text-17\"><input type=\"text\" name=\"text-17\" value=\"\" size=\"40\" class=\"wpcf7-form-control wpcf7-text wpcf7-validates-as-required\" aria-required=\"true\" aria-invalid=\"false\" placeholder=\"\u4f8b\uff1a045-228-9696\" \/><\/span><\/td>\n<\/tr>\n<tr>\n<th><span class=\"required-contactform7\">\u5fc5\u9808<\/span><span class=\"title-contactform7\">\u304a\u554f\u3044\u5408\u308f\u305b\u5185\u5bb9<\/span><\/th>\n<td class=\"message-100\"><span class=\"wpcf7-form-control-wrap\" data-name=\"your-message\"><textarea name=\"your-message\" cols=\"40\" rows=\"10\" class=\"wpcf7-form-control wpcf7-textarea wpcf7-validates-as-required\" aria-required=\"true\" aria-invalid=\"false\" placeholder=\"\u304a\u554f\u3044\u5408\u308f\u305b\u5185\u5bb9\u3092\u3054\u8a18\u5165\u304f\u3060\u3055\u3044\u3002\"><\/textarea><\/span><\/td>\n<\/tr>\n<\/table>\n<p class=\"text-xs-center\"><input type=\"submit\" value=\"\u9001\u4fe1\u3059\u308b\" class=\"wpcf7-form-control has-spinner wpcf7-submit btn btn-success btn-lg\" \/><\/p>\n<div class=\"wpcf7-response-output\" aria-hidden=\"true\"><\/div><\/form><\/div><\/center><\/p>\n","protected":false},"excerpt":{"rendered":"<p>\u30a4\u30f3\u30bf\u30fc\u30cd\u30c3\u30c8\uff08\u30e1\u30fc\u30eb\uff09\u304b\u3089\u3044\u305f\u3060\u3044\u305f\u304a\u554f\u3044\u5408\u308f\u305b\u306e\u5185\u5bb9\u306b\u3088\u3063\u3066\u306f\u3001\u304a\u8fd4\u4e8b\u306b\u304a\u6642\u9593\u3092\u3044\u305f\u3060\u304f\u5834\u5408\u304c\u3054\u3056\u3044\u307e\u3059\u3002\u3042\u3089\u304b\u3058\u3081\u3054\u4e86\u627f\u304f\u3060\u3055\u3044\u307e\u3059\u3088\u3046\u304a\u9858\u3044\u3044\u305f\u3057\u307e\u3059\u3002<\/p>\n","protected":false},"author":1,"featured_media":0,"parent":0,"menu_order":0,"comment_status":"closed","ping_status":"closed","template":"","meta":[],"_links":{"self":[{"href":"https:\/\/xn--w8jzta8684b0ksolnpyf36fzwa.jp\/index.php?rest_route=\/wp\/v2\/pages\/126"}],"collection":[{"href":"https:\/\/xn--w8jzta8684b0ksolnpyf36fzwa.jp\/index.php?rest_route=\/wp\/v2\/pages"}],"about":[{"href":"https:\/\/xn--w8jzta8684b0ksolnpyf36fzwa.jp\/index.php?rest_route=\/wp\/v2\/types\/page"}],"author":[{"embeddable":true,"href":"https:\/\/xn--w8jzta8684b0ksolnpyf36fzwa.jp\/index.php?rest_route=\/wp\/v2\/users\/1"}],"replies":[{"embeddable":true,"href":"https:\/\/xn--w8jzta8684b0ksolnpyf36fzwa.jp\/index.php?rest_route=%2Fwp%2Fv2%2Fcomments&post=126"}],"version-history":[{"count":4,"href":"https:\/\/xn--w8jzta8684b0ksolnpyf36fzwa.jp\/index.php?rest_route=\/wp\/v2\/pages\/126\/revisions"}],"predecessor-version":[{"id":305,"href":"https:\/\/xn--w8jzta8684b0ksolnpyf36fzwa.jp\/index.php?rest_route=\/wp\/v2\/pages\/126\/revisions\/305"}],"wp:attachment":[{"href":"https:\/\/xn--w8jzta8684b0ksolnpyf36fzwa.jp\/index.php?rest_route=%2Fwp%2Fv2%2Fmedia&parent=126"}],"curies":[{"name":"wp","href":"https:\/\/api.w.org\/{rel}","templated":true}]}}